{"id":2668,"date":"2023-07-14T16:39:52","date_gmt":"2023-07-14T16:39:52","guid":{"rendered":"https:\/\/castrosinn.com\/?page_id=2668"},"modified":"2026-03-18T13:52:26","modified_gmt":"2026-03-18T13:52:26","slug":"locations","status":"publish","type":"page","link":"https:\/\/saudadeapartments.com\/pt\/locations\/","title":{"rendered":"Localiza\u00e7\u00f5es"},"content":{"rendered":"<p>[vc_row][vc_column]\t\t<div class=\"homey-module module-title section-title-module text-left \">\r\n\t\t\t<h2 >Lisboa<\/h2>\r\n\r\n\t\t\t<p  class=\"sub-heading\"><\/p>\r\n\t\t<\/div>\r\n\t\t[vc_row_inner equal_height=&#8221;yes&#8221;][vc_column_inner width=&#8221;1\/2&#8243;][vc_column_text]Lisboa, a deslumbrante capital de Portugal, \u00e9 uma das capitais mais carism\u00e1ticas e vibrantes da Europa. Eleita duas vezes o Melhor Destino de Cidade e Pausa na Cidade pelos World Travel Awards, Lisboa \u00e9 uma cidade que mistura sem esfor\u00e7o o patrim\u00f3nio tradicional com um modernismo marcante e um pensamento progressista. Envolta em luz \u00fanica e energia criativa, a cidade convida a descobrir cada rua com um encanto sempre renovado.[\/vc_column_text][\/vc_column_inner][vc_column_inner width=&#8221;1\/2&#8243;][vc_single_image image=&#8221;3679&#8243; img_size=&#8221;full&#8221;][\/vc_column_inner][\/vc_row_inner]<div style=\"clear:both; width:100%; height:50px\"><\/div>[\/vc_column][\/vc_row][vc_row][vc_column]\t\t<div class=\"homey-module module-title section-title-module text-left \">\r\n\t\t\t<h2 >Set\u00fabal<\/h2>\r\n\r\n\t\t\t<p  class=\"sub-heading\"><\/p>\r\n\t\t<\/div>\r\n\t\t[vc_row_inner equal_height=&#8221;yes&#8221;][vc_column_inner width=&#8221;1\/2&#8243;][vc_single_image image=&#8221;3681&#8243; img_size=&#8221;full&#8221;][\/vc_column_inner][vc_column_inner width=&#8221;1\/2&#8243;][vc_column_text]<\/p>\n<p data-renderer-start-pos=\"1693\">Set\u00fabal \u00e9 uma das cidades mais encantadoras de Portugal, famosa pela sua liga\u00e7\u00e3o ao mar e \u00e0 pesca. \u00c9 uma cidade repleta de becos estreitos e ruas vibrantes com arte local. Tem uma agrad\u00e1vel avenida marginal, o imponente Castelo de S\u00e3o Filipe com vistas magn\u00edficas sobre a ba\u00eda de Set\u00fabal e a Serra da Arr\u00e1bida, e uma gastronomia de dar \u00e1gua na boca, com destaque para o seu famoso choco frito. Set\u00fabal \u00e9 o destino perfeito para uma escapadela de sonho.<\/p>\n<p>[\/vc_column_text][\/vc_column_inner][\/vc_row_inner]<div style=\"clear:both; width:100%; height:50px\"><\/div>[\/vc_column][\/vc_row][vc_row][vc_column]\t\t<div class=\"homey-module module-title section-title-module text-left \">\r\n\t\t\t<h2 >Sesimbra<\/h2>\r\n\r\n\t\t\t<p  class=\"sub-heading\"><\/p>\r\n\t\t<\/div>\r\n\t\t[vc_row_inner equal_height=&#8221;yes&#8221;][vc_column_inner width=&#8221;1\/2&#8243;][vc_column_text]<\/p>\n<p data-renderer-start-pos=\"2157\">Sesimbra \u00e9 uma das mais belas aldeias piscat\u00f3rias de Portugal. \u00c9 uma vila repleta de ruelas estreitas e ruas repletas de arte, a sua agrad\u00e1vel avenida marginal, o seu castelo imponente com vistas soberbas sobre a ba\u00eda de Sesimbra e da Arr\u00e1bida, e uma gastronomia que deixa qualquer um a salivar e uma escapadela de sonho. Entre mar, serra e tradi\u00e7\u00e3o, Sesimbra envolve cada visitante numa atmosfera serena que apetece prolongar.<\/p>\n<p>[\/vc_column_text][\/vc_column_inner][vc_column_inner width=&#8221;1\/2&#8243;][vc_single_image image=&#8221;3682&#8243; img_size=&#8221;full&#8221;][\/vc_column_inner][\/vc_row_inner]<div style=\"clear:both; width:100%; height:50px\"><\/div>[\/vc_column][\/vc_row][vc_row][vc_column]\t\t<div class=\"homey-module module-title section-title-module text-left \">\r\n\t\t\t<h2 >Ericeira<\/h2>\r\n\r\n\t\t\t<p  class=\"sub-heading\"><\/p>\r\n\t\t<\/div>\r\n\t\t[vc_row_inner equal_height=&#8221;yes&#8221;][vc_column_inner width=&#8221;1\/2&#8243;][vc_single_image image=&#8221;3680&#8243; img_size=&#8221;full&#8221;][\/vc_column_inner][vc_column_inner width=&#8221;1\/2&#8243;][vc_column_text]A Ericeira \u00e9 uma vila costeira cheia de charme, onde o azul do mar encontra ruas tradicionais e uma energia descontra\u00edda. Famosa pelas ondas perfeitas e pela sua alma piscat\u00f3ria, oferece praias deslumbrantes, boa comida e um ambiente que conquista qualquer visitante. Entre o surf, o p\u00f4r do sol dourado e o ritmo tranquilo, a vila inspira quem a visita. \u00c9 um lugar onde tradi\u00e7\u00e3o e liberdade se encontram, criando mem\u00f3rias que ficam para sempre.[\/vc_column_text][\/vc_column_inner][\/vc_row_inner]<div style=\"clear:both; width:100%; height:50px\"><\/div>[\/vc_column][\/vc_row]<\/p>","protected":false},"excerpt":{"rendered":"<p>[vc_row][vc_column][vc_row_inner equal_height=&#8221;yes&#8221;][vc_column_inner width=&#8221;1\/2&#8243;][vc_column_text]Lisboa, a deslumbrante capital de Portugal, \u00e9 uma das capitais mais carism\u00e1ticas e vibrantes da Europa. Eleita duas vezes o Melhor Destino de Cidade e Pausa na Cidade pelos World Travel Awards, Lisboa \u00e9 uma cidade que mistura sem esfor\u00e7o o patrim\u00f3nio tradicional com um modernismo marcante e um pensamento progressista. Envolta em [&hellip;]<\/p>\n","protected":false},"author":1,"featured_media":0,"parent":0,"menu_order":0,"comment_status":"closed","ping_status":"closed","template":"","meta":{"_seopress_robots_primary_cat":"","_seopress_titles_title":"","_seopress_titles_desc":"","_seopress_robots_index":"","two_page_speed":{"previous_score":{"desktop_score":54,"desktop_tti":"6.7\u00a0","mobile_score":55.00000000000000710542735760100185871124267578125,"mobile_tti":"22.4\u00a0","date":"17.03.2026 11:19:33 am","status":"completed"},"current_score":{"desktop_score":65,"desktop_tti":"5.0\u00a0","mobile_score":59,"mobile_tti":"9.0\u00a0","date":"18.03.2026 01:53:03 pm","status":"completed"}},"_joinchat":[]},"_links":{"self":[{"href":"https:\/\/saudadeapartments.com\/pt\/wp-json\/wp\/v2\/pages\/2668"}],"collection":[{"href":"https:\/\/saudadeapartments.com\/pt\/wp-json\/wp\/v2\/pages"}],"about":[{"href":"https:\/\/saudadeapartments.com\/pt\/wp-json\/wp\/v2\/types\/page"}],"author":[{"embeddable":true,"href":"https:\/\/saudadeapartments.com\/pt\/wp-json\/wp\/v2\/users\/1"}],"replies":[{"embeddable":true,"href":"https:\/\/saudadeapartments.com\/pt\/wp-json\/wp\/v2\/comments?post=2668"}],"version-history":[{"count":64,"href":"https:\/\/saudadeapartments.com\/pt\/wp-json\/wp\/v2\/pages\/2668\/revisions"}],"predecessor-version":[{"id":4147,"href":"https:\/\/saudadeapartments.com\/pt\/wp-json\/wp\/v2\/pages\/2668\/revisions\/4147"}],"wp:attachment":[{"href":"https:\/\/saudadeapartments.com\/pt\/wp-json\/wp\/v2\/media?parent=2668"}],"curies":[{"name":"wp","href":"https:\/\/api.w.org\/{rel}","templated":true}]}}