{"id":2302,"date":"2021-02-10T16:06:46","date_gmt":"2021-02-10T16:06:46","guid":{"rendered":"https:\/\/castrosinn.com\/?page_id=2302"},"modified":"2026-03-17T13:35:46","modified_gmt":"2026-03-17T13:35:46","slug":"terms-and-conditions","status":"publish","type":"page","link":"https:\/\/saudadeapartments.com\/pt\/terms-and-conditions\/","title":{"rendered":"Termos e condi\u00e7\u00f5es"},"content":{"rendered":"<p><\/p>\n<p class=\"pd-MsoNormal\"><b>Introdu\u00e7\u00e3o<\/b><\/p>\n<p class=\"pd-MsoNormal\">\u00a0As nossas condi\u00e7\u00f5es de reserva foram pensadas para que se sinta em casa fora de casa. Ao efetuar uma reserva, o h\u00f3spede aceita cumprir as regras e pol\u00edticas descritas neste documento.<\/p>\n<p class=\"pd-MsoNormal\"><b>Check-in e Check-out<\/b><\/p>\n<p class=\"pd-gmail-MsoListParagraphCxSpFirst\">\u00b7\u00a0\u00a0\u00a0\u00a0\u00a0\u00a0\u00a0Check-in aut\u00f3nomo: ser\u00e1 enviado um c\u00f3digo de acesso at\u00e9 24h antes da estadia.<\/p>\n<p class=\"pd-gmail-MsoListParagraphCxSpMiddle\">\u00b7\u00a0\u00a0\u00a0\u00a0\u00a0\u00a0\u00a0Validade do c\u00f3digo: durante toda a estadia.<\/p>\n<p class=\"pd-gmail-MsoListParagraphCxSpMiddle\">\u00b7\u00a0\u00a0\u00a0\u00a0\u00a0\u00a0\u00a0Hor\u00e1rio de Check-in: das 15h00 \u00e0s 20h00.<\/p>\n<p class=\"pd-gmail-MsoListParagraphCxSpLast\">\u00b7\u00a0\u00a0\u00a0\u00a0\u00a0\u00a0\u00a0Hor\u00e1rio de Check-out: at\u00e9 \u00e0s 11h00.<\/p>\n<p class=\"pd-MsoNormal\">\u00a0<b>Regras da Casa<\/b><\/p>\n<p class=\"pd-gmail-MsoListParagraphCxSpFirst\">\u00b7\u00a0\u00a0\u00a0\u00a0\u00a0\u00a0\u00a0Deite o lixo fora nos contentores verdes junto ao pr\u00e9dio.<\/p>\n<p class=\"pd-gmail-MsoListParagraphCxSpMiddle\">\u00b7\u00a0\u00a0\u00a0\u00a0\u00a0\u00a0\u00a0N\u00e3o deixe a lou\u00e7a suja.<\/p>\n<p class=\"pd-gmail-MsoListParagraphCxSpMiddle\">\u00b7\u00a0\u00a0\u00a0\u00a0\u00a0\u00a0\u00a0N\u00e3o s\u00e3o permitidos h\u00f3spedes adicionais sem autoriza\u00e7\u00e3o pr\u00e9via. Caso ocorra, ser\u00e1 cobrado dep\u00f3sito de seguran\u00e7a.<\/p>\n<p class=\"pd-gmail-MsoListParagraphCxSpMiddle\">\u00b7\u00a0\u00a0\u00a0\u00a0\u00a0\u00a0\u00a0Evite ru\u00eddo a partir das 22h00. O barulho \u00e9 proibido entre as 22h00 e as 08h00, conforme a lei portuguesa.<\/p>\n<p class=\"pd-gmail-MsoListParagraphCxSpMiddle\">\u00b7\u00a0\u00a0\u00a0\u00a0\u00a0\u00a0\u00a0\u00c9 proibido fumar no apartamento e em todo o edif\u00edcio.<\/p>\n<p class=\"pd-gmail-MsoListParagraphCxSpMiddle\">\u00b7\u00a0\u00a0\u00a0\u00a0\u00a0\u00a0\u00a0Todas as portas e janelas devem ser fechadas ao sair do apartamento.<\/p>\n<p class=\"pd-gmail-MsoListParagraphCxSpMiddle\">\u00b7\u00a0\u00a0\u00a0\u00a0\u00a0\u00a0\u00a0A porta do edif\u00edcio deve permanecer fechada ao entrar e sair.<\/p>\n<p class=\"pd-gmail-MsoListParagraphCxSpMiddle\">\u00b7\u00a0\u00a0\u00a0\u00a0\u00a0\u00a0\u00a0Eventos e festas n\u00e3o s\u00e3o permitidos.<\/p>\n<p class=\"pd-gmail-MsoListParagraphCxSpMiddle\">\u00b7\u00a0\u00a0\u00a0\u00a0\u00a0\u00a0\u00a0N\u00e3o coloque malas ou mochilas em cima da cama ou do sof\u00e1; utilize os locais apropriados.<\/p>\n<p class=\"pd-gmail-MsoListParagraphCxSpLast\">\u00b7\u00a0\u00a0\u00a0\u00a0\u00a0\u00a0\u00a0Seja atencioso com os vizinhos e respeite os hor\u00e1rios de sil\u00eancio (22h00\u201308h00).<\/p>\n<p class=\"pd-MsoNormal\"><b>Responsabilidade:<\/b>\u00a0Saudade Apartments n\u00e3o se responsabiliza por consequ\u00eancias do mau uso de equipamentos el\u00e9tricos, varandas, janelas, corrim\u00f5es, escadas ou outras \u00e1reas de risco.<\/p>\n<p class=\"pd-MsoNormal\"><b>Pol\u00edtica de Reserva<\/b><\/p>\n<p class=\"pd-gmail-MsoListParagraphCxSpFirst\">\u00b7\u00a0\u00a0\u00a0\u00a0\u00a0\u00a0\u00a0Idade m\u00ednima: 18 anos para efetuar reservas.<\/p>\n<p class=\"pd-gmail-MsoListParagraphCxSpMiddle\">\u00b7\u00a0\u00a0\u00a0\u00a0\u00a0\u00a0\u00a0Cancelamento com reembolso: at\u00e9 30 dias antes da data de chegada, reembolso total.<\/p>\n<p class=\"pd-gmail-MsoListParagraphCxSpLast\">\u00b7\u00a0\u00a0\u00a0\u00a0\u00a0\u00a0\u00a0Cancelamento sem reembolso: a menos de 30 dias da data de chegada, n\u00e3o haver\u00e1 reembolso.<\/p>\n<p class=\"pd-MsoNormal\"><b>\u00a0Contactos<\/b><\/p>\n<p class=\"pd-MsoNormal\">\u00a0Para d\u00favidas ou esclarecimentos adicionais, entre em contacto com a equipa dos Apartamentos Saudades.<\/p>\n<p><\/p>","protected":false},"excerpt":{"rendered":"<p>Introdu\u00e7\u00e3o \u00a0As nossas condi\u00e7\u00f5es de reserva foram pensadas para que se sinta em casa fora de casa. Ao efetuar uma reserva, o h\u00f3spede aceita cumprir as regras e pol\u00edticas descritas neste documento. Check-in e Check-out \u00b7\u00a0\u00a0\u00a0\u00a0\u00a0\u00a0\u00a0Check-in aut\u00f3nomo: ser\u00e1 enviado um c\u00f3digo de acesso at\u00e9 24h antes da estadia. \u00b7\u00a0\u00a0\u00a0\u00a0\u00a0\u00a0\u00a0Validade do c\u00f3digo: durante toda a estadia. [&hellip;]<\/p>\n","protected":false},"author":1,"featured_media":0,"parent":0,"menu_order":0,"comment_status":"closed","ping_status":"open","template":"","meta":{"_seopress_robots_primary_cat":"","_seopress_titles_title":"","_seopress_titles_desc":"","_seopress_robots_index":"","two_page_speed":[],"_joinchat":[]},"_links":{"self":[{"href":"https:\/\/saudadeapartments.com\/pt\/wp-json\/wp\/v2\/pages\/2302"}],"collection":[{"href":"https:\/\/saudadeapartments.com\/pt\/wp-json\/wp\/v2\/pages"}],"about":[{"href":"https:\/\/saudadeapartments.com\/pt\/wp-json\/wp\/v2\/types\/page"}],"author":[{"embeddable":true,"href":"https:\/\/saudadeapartments.com\/pt\/wp-json\/wp\/v2\/users\/1"}],"replies":[{"embeddable":true,"href":"https:\/\/saudadeapartments.com\/pt\/wp-json\/wp\/v2\/comments?post=2302"}],"version-history":[{"count":4,"href":"https:\/\/saudadeapartments.com\/pt\/wp-json\/wp\/v2\/pages\/2302\/revisions"}],"predecessor-version":[{"id":4128,"href":"https:\/\/saudadeapartments.com\/pt\/wp-json\/wp\/v2\/pages\/2302\/revisions\/4128"}],"wp:attachment":[{"href":"https:\/\/saudadeapartments.com\/pt\/wp-json\/wp\/v2\/media?parent=2302"}],"curies":[{"name":"wp","href":"https:\/\/api.w.org\/{rel}","templated":true}]}}