{"id":1292,"date":"2018-10-25T15:26:09","date_gmt":"2018-10-25T15:26:09","guid":{"rendered":"http:\/\/wordpress-89239-751427.cloudwaysapps.com\/?page_id=1292"},"modified":"2026-03-18T12:14:46","modified_gmt":"2026-03-18T12:14:46","slug":"about-us","status":"publish","type":"page","link":"https:\/\/saudadeapartments.com\/pt\/about-us\/","title":{"rendered":"About"},"content":{"rendered":"<p>[vc_row css=&#8221;.vc_custom_1540484653733{margin-bottom: 30px !important;padding-right: 30px !important;padding-left: 30px !important;background-color: #ffffff !important;}&#8221;][vc_column]\t\t<div class=\"homey-module module-title section-title-module text-left \">\r\n\t\t\t<h2 >A Nossa Hist\u00f3ria<\/h2>\r\n\r\n\t\t\t<p  class=\"sub-heading\">Saudade: onde cada estadia se sente como em casa.<\/p>\r\n\t\t<\/div>\r\n\t\t[vc_row_inner][vc_column_inner width=&#8221;2\/3&#8243;][vc_column_text]A Saudade Apartments nasceu de uma paix\u00e3o pelas viagens, de um olhar atento ao detalhe e de um amor por momentos significativos. Mais do que simples lugares para dormir, os nossos apartamentos foram pensados como casas acolhedoras que ligam cada h\u00f3spede ao ritmo da vida local.<\/p>\n<p>Com anos de experi\u00eancia a receber viajantes de todo o mundo, aprendemos que as jornadas mais memor\u00e1veis s\u00e3o aquelas que se tornam pessoais. Por isso, a nossa miss\u00e3o \u00e9 simples, mas profunda: criar estadias com alma nos mais encantadores bairros e vilas costeiras de Portugal, onde o conforto se encontra com a autenticidade.<\/p>\n<p>Das ruas hist\u00f3ricas e sinuosas de Lisboa \u00e0 serenidade \u00e0 beira-mar de Sesimbra, dos mercados vibrantes de Set\u00fabal ao encanto surfista de Ericeira, cada apartamento Saudade \u00e9 uma porta aberta para a cultura, os sabores e a beleza quotidiana de Portugal. Acreditamos em unir uma hospitalidade atenciosa a um genu\u00edno sentido de lugar, para que cada h\u00f3spede se sinta n\u00e3o apenas bem-vindo, mas verdadeiramente em casa.<\/p>\n<p>Na Saudade, cada detalhe importa. Cada estadia \u00e9 uma hist\u00f3ria. E cada h\u00f3spede torna-se parte da nossa jornada, sempre local, sempre pessoal.[\/vc_column_text][\/vc_column_inner][vc_column_inner width=&#8221;1\/3&#8243;][vc_single_image image=&#8221;3759&#8243; img_size=&#8221;full&#8221;][\/vc_column_inner][\/vc_row_inner][\/vc_column][\/vc_row][vc_row css=&#8221;.vc_custom_1540484815791{margin-bottom: 30px !important;padding-right: 30px !important;padding-left: 30px !important;background-color: #ffffff !important;}&#8221;][vc_column]\t\t<div class=\"homey-module module-title section-title-module text-left \">\r\n\t\t\t<h2 >A Equipa<\/h2>\r\n\r\n\t\t\t<p  class=\"sub-heading\"><\/p>\r\n\t\t<\/div>\r\n\t\t[vc_column_text]Na <strong data-renderer-mark=\"true\">Saudade Apartments<\/strong>, cada espa\u00e7o \u00e9 pensado para ser vivido com calma, conforto e sentido de lugar. Mesmo \u00e0 dist\u00e2ncia, cuidamos de cada detalhe para que a sua estadia seja simples, acolhedora e memor\u00e1vel.[\/vc_column_text]<div style=\"clear:both; width:100%; height:15px\"><\/div>[vc_row_inner equal_height=&#8221;yes&#8221;][vc_column_inner width=&#8221;1\/3&#8243;]\t\t<div class=\"item-promo\">\r\n\t\t\t<div class=\"media\">\r\n\t\t\t\t\t\t\t\t<div class=\"item-promo-image\">\r\n\t\t\t\t\t<div class=\"item-media item-media-thumb\">\r\n\t\t\t\t\t\t<a href=\"\">\r\n\t\t\t\t\t\t\t\t\t\t\t\t\t<\/a>\r\n\t\t\t\t\t<\/div>\r\n\t\t\t\t<\/div>\r\n\t\t\t\t\t\t\t\t<div class=\"media-body item-body\">\r\n\t\t\t\t\t<div class=\"item-title-head\">\r\n\t\t\t\t\t\t<div class=\"text-left\">\r\n\t\t\t\t\t\t\t<h2 class=\"title\">\r\n\t\t\t\t\t\t\t\t<a href=\"\">In\u00eas<\/a>\r\n\t\t\t\t\t\t\t<\/h2>\r\n\t\t\t\t\t\t\t<\/p>\n<div class=\"elementor-column elementor-col-33 elementor-inner-column elementor-element elementor-element-7742097\" data-id=\"7742097\" data-element_type=\"column\">\n<div class=\"elementor-column-wrap elementor-element-populated\">\n<div class=\"elementor-widget-wrap\">\n<div class=\"elementor-element elementor-element-fdcf6f3 elementor-widget elementor-widget-text-editor\" data-id=\"fdcf6f3\" data-element_type=\"widget\" data-widget_type=\"text-editor.default\">\n<div class=\"elementor-widget-container\">\n<div class=\"elementor-text-editor elementor-clearfix\">\n<div class=\"elementor-column elementor-col-33 elementor-inner-column elementor-element elementor-element-7742097\" data-id=\"7742097\" data-element_type=\"column\">\n<div class=\"elementor-column-wrap elementor-element-populated\">\n<div class=\"elementor-widget-wrap\">\n<div class=\"elementor-element elementor-element-fdcf6f3 elementor-widget elementor-widget-text-editor\" data-id=\"fdcf6f3\" data-element_type=\"widget\" data-widget_type=\"text-editor.default\">\n<div class=\"elementor-widget-container\">\n<div class=\"elementor-text-editor elementor-clearfix\">\n<div class=\"elementor-column elementor-col-33 elementor-inner-column elementor-element elementor-element-7742097\" data-id=\"7742097\" data-element_type=\"column\">\n<div class=\"elementor-column-wrap elementor-element-populated\">\n<div class=\"elementor-widget-wrap\">\n<div class=\"elementor-element elementor-element-fdcf6f3 elementor-widget elementor-widget-text-editor\" data-id=\"fdcf6f3\" data-element_type=\"widget\" data-widget_type=\"text-editor.default\">\n<div class=\"elementor-widget-container\">\n<div class=\"elementor-text-editor elementor-clearfix\">\n<p>In\u00eas lidera as Opera\u00e7\u00f5es e o Design de Interiores, sendo respons\u00e1vel pelo planeamento e pela gest\u00e3o das opera\u00e7\u00f5es do dia a dia. Coordena a equipa no terreno e trabalha em estreita colabora\u00e7\u00e3o com o CEO no desenvolvimento de cada apartamento, garantindo funcionalidade, conforto e uma identidade \u00fanica em todas as propriedades.<\/p>\n<\/div>\n<\/div>\n<\/div>\n<\/div>\n<\/div>\n<\/div>\n<\/div>\n<\/div>\n<\/div>\n<\/div>\n<\/div>\n<\/div>\n<\/div>\n<\/div>\n<\/div>\n<\/div>\n<\/div>\n<\/div>\n<p>\t\t\t\t\t\t<\/div>\r\n\t\t\t\t\t<\/div>\r\n\t\t\t\t\t\t\t\t\t<\/div>\r\n\t\t\t<\/div>\r\n\t\t<\/div>\r\n\r\n\t\t[\/vc_column_inner][vc_column_inner width=&#8221;1\/3&#8243;]\t\t<div class=\"item-promo\">\r\n\t\t\t<div class=\"media\">\r\n\t\t\t\t\t\t\t\t<div class=\"item-promo-image\">\r\n\t\t\t\t\t<div class=\"item-media item-media-thumb\">\r\n\t\t\t\t\t\t<a href=\"\">\r\n\t\t\t\t\t\t\t\t\t\t\t\t\t<\/a>\r\n\t\t\t\t\t<\/div>\r\n\t\t\t\t<\/div>\r\n\t\t\t\t\t\t\t\t<div class=\"media-body item-body\">\r\n\t\t\t\t\t<div class=\"item-title-head\">\r\n\t\t\t\t\t\t<div class=\"text-left\">\r\n\t\t\t\t\t\t\t<h2 class=\"title\">\r\n\t\t\t\t\t\t\t\t<a href=\"\">Bruno<\/a>\r\n\t\t\t\t\t\t\t<\/h2>\r\n\t\t\t\t\t\t\t<\/p>\n<div class=\"elementor-column elementor-col-33 elementor-inner-column elementor-element elementor-element-7742097\" data-id=\"7742097\" data-element_type=\"column\">\n<div class=\"elementor-column-wrap elementor-element-populated\">\n<div class=\"elementor-widget-wrap\">\n<div class=\"elementor-element elementor-element-fdcf6f3 elementor-widget elementor-widget-text-editor\" data-id=\"fdcf6f3\" data-element_type=\"widget\" data-widget_type=\"text-editor.default\">\n<div class=\"elementor-widget-container\">\n<div class=\"elementor-text-editor elementor-clearfix\">\n<div class=\"elementor-column elementor-col-33 elementor-inner-column elementor-element elementor-element-7742097\" data-id=\"7742097\" data-element_type=\"column\">\n<div class=\"elementor-column-wrap elementor-element-populated\">\n<div class=\"elementor-widget-wrap\">\n<div class=\"elementor-element elementor-element-fdcf6f3 elementor-widget elementor-widget-text-editor\" data-id=\"fdcf6f3\" data-element_type=\"widget\" data-widget_type=\"text-editor.default\">\n<div class=\"elementor-widget-container\">\n<div class=\"elementor-text-editor elementor-clearfix\">\n<p>Bruno \u00e9 Manager e Host, respons\u00e1vel pela gest\u00e3o de an\u00fancios e estrat\u00e9gia de pricing, garantindo um posicionamento competitivo e um desempenho consistente em todas as propriedades. Acompanha de perto a performance dos alojamentos, assegurando efici\u00eancia operacional, otimiza\u00e7\u00e3o de receitas e apoio cont\u00ednuo \u00e0 equipa.<\/p>\n<\/div>\n<\/div>\n<\/div>\n<\/div>\n<\/div>\n<\/div>\n<\/div>\n<\/div>\n<\/div>\n<\/div>\n<\/div>\n<\/div>\n<p>\t\t\t\t\t\t<\/div>\r\n\t\t\t\t\t<\/div>\r\n\t\t\t\t\t\t\t\t\t<\/div>\r\n\t\t\t<\/div>\r\n\t\t<\/div>\r\n\r\n\t\t[\/vc_column_inner][vc_column_inner width=&#8221;1\/3&#8243;]\t\t<div class=\"item-promo\">\r\n\t\t\t<div class=\"media\">\r\n\t\t\t\t\t\t\t\t<div class=\"item-promo-image\">\r\n\t\t\t\t\t<div class=\"item-media item-media-thumb\">\r\n\t\t\t\t\t\t<a href=\"\">\r\n\t\t\t\t\t\t\t\t\t\t\t\t\t<\/a>\r\n\t\t\t\t\t<\/div>\r\n\t\t\t\t<\/div>\r\n\t\t\t\t\t\t\t\t<div class=\"media-body item-body\">\r\n\t\t\t\t\t<div class=\"item-title-head\">\r\n\t\t\t\t\t\t<div class=\"text-left\">\r\n\t\t\t\t\t\t\t<h2 class=\"title\">\r\n\t\t\t\t\t\t\t\t<a href=\"\">Pedro<\/a>\r\n\t\t\t\t\t\t\t<\/h2>\r\n\t\t\t\t\t\t\t<\/p>\n<div class=\"elementor-column elementor-col-33 elementor-inner-column elementor-element elementor-element-7742097\" data-id=\"7742097\" data-element_type=\"column\">\n<div class=\"elementor-column-wrap elementor-element-populated\">\n<div class=\"elementor-widget-wrap\">\n<div class=\"elementor-element elementor-element-fdcf6f3 elementor-widget elementor-widget-text-editor\" data-id=\"fdcf6f3\" data-element_type=\"widget\" data-widget_type=\"text-editor.default\">\n<div class=\"elementor-widget-container\">\n<div class=\"elementor-text-editor elementor-clearfix\">\n<div class=\"elementor-column elementor-col-33 elementor-inner-column elementor-element elementor-element-7742097\" data-id=\"7742097\" data-element_type=\"column\">\n<div class=\"elementor-column-wrap elementor-element-populated\">\n<div class=\"elementor-widget-wrap\">\n<div class=\"elementor-element elementor-element-fdcf6f3 elementor-widget elementor-widget-text-editor\" data-id=\"fdcf6f3\" data-element_type=\"widget\" data-widget_type=\"text-editor.default\">\n<div class=\"elementor-widget-container\">\n<div class=\"elementor-text-editor elementor-clearfix\">\n<div class=\"elementor-column elementor-col-33 elementor-inner-column elementor-element elementor-element-7742097\" data-id=\"7742097\" data-element_type=\"column\">\n<div class=\"elementor-column-wrap elementor-element-populated\">\n<div class=\"elementor-widget-wrap\">\n<div class=\"elementor-element elementor-element-fdcf6f3 elementor-widget elementor-widget-text-editor\" data-id=\"fdcf6f3\" data-element_type=\"widget\" data-widget_type=\"text-editor.default\">\n<div class=\"elementor-widget-container\">\n<div class=\"elementor-text-editor elementor-clearfix\">\n<p>Pedro \u00e9 Host, Gestor de Manuten\u00e7\u00e3o e Especialista Local, oferecendo recomenda\u00e7\u00f5es aut\u00eanticas e dicas locais que permitem aos h\u00f3spedes viver cada destino de forma genu\u00edna. Presta apoio constante antes e durante a estadia, assegurando uma experi\u00eancia fluida, confort\u00e1vel e memor\u00e1vel.<\/p>\n<\/div>\n<\/div>\n<\/div>\n<\/div>\n<\/div>\n<\/div>\n<\/div>\n<\/div>\n<\/div>\n<\/div>\n<\/div>\n<\/div>\n<\/div>\n<\/div>\n<\/div>\n<\/div>\n<\/div>\n<\/div>\n<p>\t\t\t\t\t\t<\/div>\r\n\t\t\t\t\t<\/div>\r\n\t\t\t\t\t\t\t\t\t<\/div>\r\n\t\t\t<\/div>\r\n\t\t<\/div>\r\n\r\n\t\t[\/vc_column_inner][\/vc_row_inner]<div style=\"clear:both; width:100%; height:15px\"><\/div>[vc_column_text]<\/p>\n<p data-renderer-start-pos=\"963\">Todas as estadias na Saudade Apartments funcionam em <strong data-renderer-mark=\"true\">self-check-in<\/strong>, com apoio permanente \u00e0 dist\u00e2ncia. Estamos sempre dispon\u00edveis para garantir que se sente bem acompanhado, do primeiro contacto ao \u00faltimo dia.Juntos, j\u00e1 recebemos milhares de viajantes em Lisboa, Sesimbra, Set\u00fabal e Ericeira, sempre com um \u00fanico objetivo: fazer com que cada h\u00f3spede se sinta verdadeiramente acolhido.<\/p>\n<p data-renderer-start-pos=\"1349\">Isto n\u00e3o \u00e9 apenas alojamento, \u00e9 sobre criar momentos, hist\u00f3rias e mem\u00f3rias<\/p>\n<p>[\/vc_column_text]<div style=\"clear:both; width:100%; height:50px\"><\/div>[\/vc_column][\/vc_row]<\/p>","protected":false},"excerpt":{"rendered":"<p>[vc_row css=&#8221;.vc_custom_1540484653733{margin-bottom: 30px !important;padding-right: 30px !important;padding-left: 30px !important;background-color: #ffffff !important;}&#8221;][vc_column][vc_row_inner][vc_column_inner width=&#8221;2\/3&#8243;][vc_column_text]A Saudade Apartments nasceu de uma paix\u00e3o pelas viagens, de um olhar atento ao detalhe e de um amor por momentos significativos. Mais do que simples lugares para dormir, os nossos apartamentos foram pensados como casas acolhedoras que ligam cada h\u00f3spede ao ritmo da vida [&hellip;]<\/p>\n","protected":false},"author":1,"featured_media":0,"parent":0,"menu_order":0,"comment_status":"closed","ping_status":"closed","template":"template\/template-homepage.php","meta":{"_seopress_robots_primary_cat":"","_seopress_titles_title":"","_seopress_titles_desc":"","_seopress_robots_index":"","two_page_speed":{"previous_score":{"desktop_score":63,"desktop_tti":"4.1\u00a0","mobile_score":53,"mobile_tti":"24.4\u00a0","date":"17.03.2026 11:16:28 am","status":"completed"},"current_score":{"desktop_score":82,"desktop_tti":"1.4\u00a0","mobile_score":59,"mobile_tti":"8.0\u00a0","date":"18.03.2026 12:15:35 pm","status":"completed"}},"_joinchat":[]},"_links":{"self":[{"href":"https:\/\/saudadeapartments.com\/pt\/wp-json\/wp\/v2\/pages\/1292"}],"collection":[{"href":"https:\/\/saudadeapartments.com\/pt\/wp-json\/wp\/v2\/pages"}],"about":[{"href":"https:\/\/saudadeapartments.com\/pt\/wp-json\/wp\/v2\/types\/page"}],"author":[{"embeddable":true,"href":"https:\/\/saudadeapartments.com\/pt\/wp-json\/wp\/v2\/users\/1"}],"replies":[{"embeddable":true,"href":"https:\/\/saudadeapartments.com\/pt\/wp-json\/wp\/v2\/comments?post=1292"}],"version-history":[{"count":16,"href":"https:\/\/saudadeapartments.com\/pt\/wp-json\/wp\/v2\/pages\/1292\/revisions"}],"predecessor-version":[{"id":4146,"href":"https:\/\/saudadeapartments.com\/pt\/wp-json\/wp\/v2\/pages\/1292\/revisions\/4146"}],"wp:attachment":[{"href":"https:\/\/saudadeapartments.com\/pt\/wp-json\/wp\/v2\/media?parent=1292"}],"curies":[{"name":"wp","href":"https:\/\/api.w.org\/{rel}","templated":true}]}}